{"id":14,"date":"2023-02-28T23:05:28","date_gmt":"2023-02-28T23:05:28","guid":{"rendered":"https:\/\/whphotography.store\/cart\/"},"modified":"2023-12-13T03:38:40","modified_gmt":"2023-12-13T03:38:40","slug":"cart","status":"publish","type":"page","link":"https:\/\/whphotography.store\/ja\/cart\/","title":{"rendered":"Cart"},"content":{"rendered":"\t\t<div data-elementor-type=\"wp-page\" data-elementor-id=\"14\" class=\"elementor elementor-14\" data-elementor-post-type=\"page\">\n\t\t\t\t\t\t<section class=\"elementor-section elementor-top-section elementor-element elementor-element-1f00391a elementor-section-boxed elementor-section-height-default elementor-section-height-default\" data-id=\"1f00391a\" data-element_type=\"section\" data-e-type=\"section\">\n\t\t\t\t\t\t<div class=\"elementor-container elementor-column-gap-default\">\n\t\t\t\t\t<div class=\"elementor-column elementor-col-100 elementor-top-column elementor-element elementor-element-36a863fc\" data-id=\"36a863fc\" data-element_type=\"column\" data-e-type=\"column\">\n\t\t\t<div class=\"elementor-widget-wrap elementor-element-populated\">\n\t\t\t\t\t\t<div class=\"elementor-element elementor-element-5f594ab elementor-widget elementor-widget-shortcode\" data-id=\"5f594ab\" data-element_type=\"widget\" data-e-type=\"widget\" data-widget_type=\"shortcode.default\">\n\t\t\t\t\t\t\t<div class=\"elementor-shortcode\"> <div class=\"trp_language_switcher_shortcode\">\n<div class=\"trp-language-switcher trp-language-switcher-container\" data-no-translation >\n    <div class=\"trp-ls-shortcode-current-language\">\n        <a href=\"#\" class=\"trp-ls-shortcode-disabled-language trp-ls-disabled-language\" title=\"\u65e5\u672c\u8a9e\" onclick=\"event.preventDefault()\">\n\t\t\t<img data-recalc-dims=\"1\" decoding=\"async\" class=\"trp-flag-image\" src=\"https:\/\/i0.wp.com\/whphotography.store\/wp-content\/plugins\/translatepress-multilingual\/assets\/images\/flags\/ja.png?resize=18%2C12&#038;ssl=1\" width=\"18\" height=\"12\" alt=\"ja\" title=\"\u65e5\u672c\u8a9e\"> \u65e5\u672c\u8a9e\t\t<\/a>\n    <\/div>\n    <div class=\"trp-ls-shortcode-language\">\n                <a href=\"#\" class=\"trp-ls-shortcode-disabled-language trp-ls-disabled-language\"  title=\"\u65e5\u672c\u8a9e\" onclick=\"event.preventDefault()\">\n\t\t\t<img data-recalc-dims=\"1\" decoding=\"async\" class=\"trp-flag-image\" src=\"https:\/\/i0.wp.com\/whphotography.store\/wp-content\/plugins\/translatepress-multilingual\/assets\/images\/flags\/ja.png?resize=18%2C12&#038;ssl=1\" width=\"18\" height=\"12\" alt=\"ja\" title=\"\u65e5\u672c\u8a9e\"> \u65e5\u672c\u8a9e\t\t<\/a>\n                    <a href=\"https:\/\/whphotography.store\/ja\/wp-json\/wp\/v2\/pages\/14#TRPLINKPROCESSED\" title=\"English\">\n            <img data-recalc-dims=\"1\" decoding=\"async\" class=\"trp-flag-image\" src=\"https:\/\/i0.wp.com\/whphotography.store\/wp-content\/plugins\/translatepress-multilingual\/assets\/images\/flags\/en_US.png?resize=18%2C12&#038;ssl=1\" width=\"18\" height=\"12\" alt=\"en_US\" title=\"English\"> English        <\/a>\n\n        <\/div>\n    <script type=\"application\/javascript\">\n        \/\/ need to have the same with set from JS on both divs. Otherwise it can push stuff around in HTML\n        var trp_ls_shortcodes = document.querySelectorAll('.trp_language_switcher_shortcode .trp-language-switcher');\n        if ( trp_ls_shortcodes.length > 0) {\n            \/\/ get the last language switcher added\n            var trp_el = trp_ls_shortcodes[trp_ls_shortcodes.length - 1];\n\n            var trp_shortcode_language_item = trp_el.querySelector( '.trp-ls-shortcode-language' )\n            \/\/ set width\n            var trp_ls_shortcode_width                                               = trp_shortcode_language_item.offsetWidth + 16;\n            trp_shortcode_language_item.style.width                                  = trp_ls_shortcode_width + 'px';\n            trp_el.querySelector( '.trp-ls-shortcode-current-language' ).style.width = trp_ls_shortcode_width + 'px';\n\n            \/\/ We're putting this on display: none after we have its width.\n            trp_shortcode_language_item.style.display = 'none';\n        }\n    <\/script>\n<\/div>\n<\/div><\/div>\n\t\t\t\t\t\t<\/div>\n\t\t\t\t<div class=\"elementor-element elementor-element-183506e pp-woo-cart-checkout-button-auto pp-woo-cart-return-to-shop-button-auto elementor-widget elementor-widget-pp-woo-cart\" data-id=\"183506e\" data-element_type=\"widget\" data-e-type=\"widget\" data-settings=\"{&quot;show_coupon&quot;:&quot;yes&quot;}\" data-widget_type=\"pp-woo-cart.default\">\n\t\t\t\t\t\t\t\n\t\t<div class=\"pp-woocommerce pp-woo-cart\" id=\"pp-woo-cart-183506e\">\n\t\t\t\t\t<\/div>\n\n\t\t\t\t\t\t\t\t<\/div>\n\t\t\t\t\t<\/div>\n\t\t<\/div>\n\t\t\t\t\t<\/div>\n\t\t<\/section>\n\t\t\t\t<\/div>\n\t\t","protected":false},"excerpt":{"rendered":"<p>Remove item Thumbnail image Product Price Quantity Subtotal &times; Muhammed Ali in the Ring Wearing Robe &#8211; Print Print Size: 11in \u00d7 14in &#36;95.00 Muhammed Ali in the Ring Wearing Robe &#8211; Print &#8211; 11in \u00d7 14in quantity &#36;95.00 &times; Michael Jackson Live on Stage &#8211; Print Print Size: 11in \u00d7 14in &#36;95.00 Michael Jackson Live on Stage &#8211; Print &#8211; 11in \u00d7 14in quantity &#36;95.00 Update Cart Cart Totals Subtotal &#36;190.00 Total &#36;190.00 &mdash; OR &mdash; Proceed to Checkout<\/p>","protected":false},"author":1,"featured_media":0,"parent":0,"menu_order":4,"comment_status":"closed","ping_status":"closed","template":"","meta":{"nf_dc_page":"","footnotes":""},"class_list":["post-14","page","type-page","status-publish","hentry"],"yoast_head":"<!-- This site is optimized with the Yoast SEO plugin v27.4 - https:\/\/yoast.com\/product\/yoast-seo-wordpress\/ -->\n<title>Cart - Delroi Candyman Whitaker<\/title>\n<meta name=\"robots\" content=\"index, follow, max-snippet:-1, max-image-preview:large, max-video-preview:-1\" \/>\n<link rel=\"canonical\" href=\"https:\/\/whphotography.store\/ja\/cart\/\" \/>\n<meta property=\"og:locale\" content=\"ja_JP\" \/>\n<meta property=\"og:type\" content=\"article\" \/>\n<meta property=\"og:title\" content=\"Cart - Delroi Candyman Whitaker\" \/>\n<meta property=\"og:description\" content=\"Remove item Thumbnail image Product Price Quantity Subtotal &times; Muhammed Ali in the Ring Wearing Robe &#8211; Print Print Size: 11in \u00d7 14in &#036;95.00 Muhammed Ali in the Ring Wearing Robe &#8211; Print &#8211; 11in \u00d7 14in quantity &#036;95.00 &times; Michael Jackson Live on Stage &#8211; Print Print Size: 11in \u00d7 14in &#036;95.00 Michael Jackson Live on Stage &#8211; Print &#8211; 11in \u00d7 14in quantity &#036;95.00 Update Cart Cart Totals Subtotal &#036;190.00 Total &#036;190.00 &mdash; OR &mdash; Proceed to Checkout\" \/>\n<meta property=\"og:url\" content=\"https:\/\/whphotography.store\/ja\/cart\/\" \/>\n<meta property=\"og:site_name\" content=\"Delroi Candyman Whitaker\" \/>\n<meta property=\"article:modified_time\" content=\"2023-12-13T03:38:40+00:00\" \/>\n<meta property=\"og:image\" content=\"https:\/\/whphotography.store\/wp-content\/uploads\/2023\/02\/WHP_Ali-x-Everlast-300x300.jpg\" \/>\n<meta name=\"twitter:card\" content=\"summary_large_image\" \/>\n<meta name=\"twitter:label1\" content=\"\u63a8\u5b9a\u8aad\u307f\u53d6\u308a\u6642\u9593\" \/>\n\t<meta name=\"twitter:data1\" content=\"1\u5206\" \/>\n<script type=\"application\/ld+json\" class=\"yoast-schema-graph\">{\"@context\":\"https:\\\/\\\/schema.org\",\"@graph\":[{\"@type\":\"WebPage\",\"@id\":\"https:\\\/\\\/whphotography.store\\\/cart\\\/\",\"url\":\"https:\\\/\\\/whphotography.store\\\/cart\\\/\",\"name\":\"Cart - Delroi Candyman Whitaker\",\"isPartOf\":{\"@id\":\"https:\\\/\\\/whphotography.store\\\/#website\"},\"primaryImageOfPage\":{\"@id\":\"https:\\\/\\\/whphotography.store\\\/cart\\\/#primaryimage\"},\"image\":{\"@id\":\"https:\\\/\\\/whphotography.store\\\/cart\\\/#primaryimage\"},\"thumbnailUrl\":\"https:\\\/\\\/whphotography.store\\\/wp-content\\\/uploads\\\/2023\\\/02\\\/WHP_Ali-x-Everlast-300x300.jpg\",\"datePublished\":\"2023-02-28T23:05:28+00:00\",\"dateModified\":\"2023-12-13T03:38:40+00:00\",\"breadcrumb\":{\"@id\":\"https:\\\/\\\/whphotography.store\\\/cart\\\/#breadcrumb\"},\"inLanguage\":\"ja\",\"potentialAction\":[{\"@type\":\"ReadAction\",\"target\":[\"https:\\\/\\\/whphotography.store\\\/cart\\\/\"]}]},{\"@type\":\"ImageObject\",\"inLanguage\":\"ja\",\"@id\":\"https:\\\/\\\/whphotography.store\\\/cart\\\/#primaryimage\",\"url\":\"https:\\\/\\\/whphotography.store\\\/wp-content\\\/uploads\\\/2023\\\/02\\\/WHP_Ali-x-Everlast-300x300.jpg\",\"contentUrl\":\"https:\\\/\\\/whphotography.store\\\/wp-content\\\/uploads\\\/2023\\\/02\\\/WHP_Ali-x-Everlast-300x300.jpg\"},{\"@type\":\"BreadcrumbList\",\"@id\":\"https:\\\/\\\/whphotography.store\\\/cart\\\/#breadcrumb\",\"itemListElement\":[{\"@type\":\"ListItem\",\"position\":1,\"name\":\"Home\",\"item\":\"https:\\\/\\\/whphotography.store\\\/\"},{\"@type\":\"ListItem\",\"position\":2,\"name\":\"Cart\"}]},{\"@type\":\"WebSite\",\"@id\":\"https:\\\/\\\/whphotography.store\\\/#website\",\"url\":\"https:\\\/\\\/whphotography.store\\\/\",\"name\":\"Delroi Candyman Whitaker\",\"description\":\"Capturing African American Celebrity Culture in Entertainment\",\"publisher\":{\"@id\":\"https:\\\/\\\/whphotography.store\\\/#organization\"},\"potentialAction\":[{\"@type\":\"SearchAction\",\"target\":{\"@type\":\"EntryPoint\",\"urlTemplate\":\"https:\\\/\\\/whphotography.store\\\/?s={search_term_string}\"},\"query-input\":{\"@type\":\"PropertyValueSpecification\",\"valueRequired\":true,\"valueName\":\"search_term_string\"}}],\"inLanguage\":\"ja\"},{\"@type\":\"Organization\",\"@id\":\"https:\\\/\\\/whphotography.store\\\/#organization\",\"name\":\"Delroi Candyman Whitaker\",\"url\":\"https:\\\/\\\/whphotography.store\\\/\",\"logo\":{\"@type\":\"ImageObject\",\"inLanguage\":\"ja\",\"@id\":\"https:\\\/\\\/whphotography.store\\\/#\\\/schema\\\/logo\\\/image\\\/\",\"url\":\"https:\\\/\\\/i0.wp.com\\\/whphotography.store\\\/wp-content\\\/uploads\\\/2023\\\/02\\\/cropped-WHP-LOGO-SITE-png-1.webp?fit=1516%2C434&ssl=1\",\"contentUrl\":\"https:\\\/\\\/i0.wp.com\\\/whphotography.store\\\/wp-content\\\/uploads\\\/2023\\\/02\\\/cropped-WHP-LOGO-SITE-png-1.webp?fit=1516%2C434&ssl=1\",\"width\":1516,\"height\":434,\"caption\":\"Delroi Candyman Whitaker\"},\"image\":{\"@id\":\"https:\\\/\\\/whphotography.store\\\/#\\\/schema\\\/logo\\\/image\\\/\"}}]}<\/script>\n<!-- \/ Yoast SEO plugin. -->","yoast_head_json":{"title":"Cart - Delroi Candyman Whitaker","robots":{"index":"index","follow":"follow","max-snippet":"max-snippet:-1","max-image-preview":"max-image-preview:large","max-video-preview":"max-video-preview:-1"},"canonical":"https:\/\/whphotography.store\/ja\/cart\/","og_locale":"ja_JP","og_type":"article","og_title":"Cart - Delroi Candyman Whitaker","og_description":"Remove item Thumbnail image Product Price Quantity Subtotal &times; Muhammed Ali in the Ring Wearing Robe &#8211; Print Print Size: 11in \u00d7 14in &#36;95.00 Muhammed Ali in the Ring Wearing Robe &#8211; Print &#8211; 11in \u00d7 14in quantity &#36;95.00 &times; Michael Jackson Live on Stage &#8211; Print Print Size: 11in \u00d7 14in &#36;95.00 Michael Jackson Live on Stage &#8211; Print &#8211; 11in \u00d7 14in quantity &#36;95.00 Update Cart Cart Totals Subtotal &#36;190.00 Total &#36;190.00 &mdash; OR &mdash; Proceed to Checkout","og_url":"https:\/\/whphotography.store\/ja\/cart\/","og_site_name":"Delroi Candyman Whitaker","article_modified_time":"2023-12-13T03:38:40+00:00","og_image":[{"url":"https:\/\/whphotography.store\/wp-content\/uploads\/2023\/02\/WHP_Ali-x-Everlast-300x300.jpg","type":"","width":"","height":""}],"twitter_card":"summary_large_image","twitter_misc":{"\u63a8\u5b9a\u8aad\u307f\u53d6\u308a\u6642\u9593":"1\u5206"},"schema":{"@context":"https:\/\/schema.org","@graph":[{"@type":"WebPage","@id":"https:\/\/whphotography.store\/cart\/","url":"https:\/\/whphotography.store\/cart\/","name":"Cart - Delroi Candyman Whitaker","isPartOf":{"@id":"https:\/\/whphotography.store\/#website"},"primaryImageOfPage":{"@id":"https:\/\/whphotography.store\/cart\/#primaryimage"},"image":{"@id":"https:\/\/whphotography.store\/cart\/#primaryimage"},"thumbnailUrl":"https:\/\/whphotography.store\/wp-content\/uploads\/2023\/02\/WHP_Ali-x-Everlast-300x300.jpg","datePublished":"2023-02-28T23:05:28+00:00","dateModified":"2023-12-13T03:38:40+00:00","breadcrumb":{"@id":"https:\/\/whphotography.store\/cart\/#breadcrumb"},"inLanguage":"ja","potentialAction":[{"@type":"ReadAction","target":["https:\/\/whphotography.store\/cart\/"]}]},{"@type":"ImageObject","inLanguage":"ja","@id":"https:\/\/whphotography.store\/cart\/#primaryimage","url":"https:\/\/whphotography.store\/wp-content\/uploads\/2023\/02\/WHP_Ali-x-Everlast-300x300.jpg","contentUrl":"https:\/\/whphotography.store\/wp-content\/uploads\/2023\/02\/WHP_Ali-x-Everlast-300x300.jpg"},{"@type":"BreadcrumbList","@id":"https:\/\/whphotography.store\/cart\/#breadcrumb","itemListElement":[{"@type":"ListItem","position":1,"name":"Home","item":"https:\/\/whphotography.store\/"},{"@type":"ListItem","position":2,"name":"Cart"}]},{"@type":"WebSite","@id":"https:\/\/whphotography.store\/#website","url":"https:\/\/whphotography.store\/","name":"Delroi Candyman Whitaker","description":"Capturing African American Celebrity Culture in Entertainment","publisher":{"@id":"https:\/\/whphotography.store\/#organization"},"potentialAction":[{"@type":"SearchAction","target":{"@type":"EntryPoint","urlTemplate":"https:\/\/whphotography.store\/?s={search_term_string}"},"query-input":{"@type":"PropertyValueSpecification","valueRequired":true,"valueName":"search_term_string"}}],"inLanguage":"ja"},{"@type":"Organization","@id":"https:\/\/whphotography.store\/#organization","name":"Delroi Candyman Whitaker","url":"https:\/\/whphotography.store\/","logo":{"@type":"ImageObject","inLanguage":"ja","@id":"https:\/\/whphotography.store\/#\/schema\/logo\/image\/","url":"https:\/\/i0.wp.com\/whphotography.store\/wp-content\/uploads\/2023\/02\/cropped-WHP-LOGO-SITE-png-1.webp?fit=1516%2C434&ssl=1","contentUrl":"https:\/\/i0.wp.com\/whphotography.store\/wp-content\/uploads\/2023\/02\/cropped-WHP-LOGO-SITE-png-1.webp?fit=1516%2C434&ssl=1","width":1516,"height":434,"caption":"Delroi Candyman Whitaker"},"image":{"@id":"https:\/\/whphotography.store\/#\/schema\/logo\/image\/"}}]}},"jetpack_sharing_enabled":true,"_links":{"self":[{"href":"https:\/\/whphotography.store\/ja\/wp-json\/wp\/v2\/pages\/14","targetHints":{"allow":["GET"]}}],"collection":[{"href":"https:\/\/whphotography.store\/ja\/wp-json\/wp\/v2\/pages"}],"about":[{"href":"https:\/\/whphotography.store\/ja\/wp-json\/wp\/v2\/types\/page"}],"author":[{"embeddable":true,"href":"https:\/\/whphotography.store\/ja\/wp-json\/wp\/v2\/users\/1"}],"replies":[{"embeddable":true,"href":"https:\/\/whphotography.store\/ja\/wp-json\/wp\/v2\/comments?post=14"}],"version-history":[{"count":5,"href":"https:\/\/whphotography.store\/ja\/wp-json\/wp\/v2\/pages\/14\/revisions"}],"predecessor-version":[{"id":241,"href":"https:\/\/whphotography.store\/ja\/wp-json\/wp\/v2\/pages\/14\/revisions\/241"}],"wp:attachment":[{"href":"https:\/\/whphotography.store\/ja\/wp-json\/wp\/v2\/media?parent=14"}],"curies":[{"name":"wp","href":"https:\/\/api.w.org\/{rel}","templated":true}]}}